{"id":120,"date":"2020-11-03T15:57:37","date_gmt":"2020-11-03T15:57:37","guid":{"rendered":"https:\/\/www.jeanmerlautexport.com\/home\/"},"modified":"2020-11-03T15:57:38","modified_gmt":"2020-11-03T15:57:38","slug":"home","status":"publish","type":"page","link":"https:\/\/www.jeanmerlautexport.com\/zh-hans\/","title":{"rendered":"Home"},"content":{"rendered":"\n<section class=\"wp-block-uagb-section uagb-section__wrap uagb-section__background-video alignfull uagb-block-13fe4612 fullheight\"><div class=\"uagb-section__overlay\"><\/div><div class=\"uagb-section__video-wrap\"><video autoplay loop muted playsinline><source src=\"https:\/\/www.jeanmerlautexport.com\/wp-content\/uploads\/2020\/10\/adobestock_305630420_video_4k_preview.mp4\" type=\"video\/mp4\"\/><\/video><\/div><div class=\"uagb-section__inner-wrap\">\n<p class=\"has-text-align-center uppercase letterspacing has-white-color has-text-color has-medium-font-size\">Bordeaux Wines<\/p>\n\n\n\n<div style=\"height:50px\" aria-hidden=\"true\" class=\"wp-block-spacer\"><\/div>\n\n\n\n<div class=\"wp-block-image\"><figure class=\"aligncenter size-large is-resized\"><img loading=\"lazy\" src=\"https:\/\/www.jeanmerlautexport.com\/wp-content\/uploads\/2020\/10\/logo-jeanmerlautexport.png\" alt=\"\" class=\"wp-image-122\" width=\"508\" height=\"131\" srcset=\"https:\/\/www.jeanmerlautexport.com\/wp-content\/uploads\/2020\/10\/logo-jeanmerlautexport.png 1015w, https:\/\/www.jeanmerlautexport.com\/wp-content\/uploads\/2020\/10\/logo-jeanmerlautexport-740x190.png 740w, https:\/\/www.jeanmerlautexport.com\/wp-content\/uploads\/2020\/10\/logo-jeanmerlautexport-768x197.png 768w\" sizes=\"(max-width: 508px) 100vw, 508px\" \/><\/figure><\/div>\n\n\n\n<div style=\"height:39px\" aria-hidden=\"true\" class=\"wp-block-spacer\"><\/div>\n\n\n\n<div class=\"wp-block-buttons aligncenter\">\n<div class=\"wp-block-button\"><a class=\"wp-block-button__link\" href=\"#more\">Read more<\/a><\/div>\n<\/div>\n<\/div><\/section>\n\n<div id=\"more\" class=\"btw_wine_categories alignfull\">\n\t<div class=\"btw_wine_categories__category btw_wine_categories__category--all\">\n\t\t<div class=\"btw_wine_categories__category__figure\">\n\t\t\tAll Wines\t\t<\/div>\n\t\t<h3 class=\"btw_wine_categories__category__title\">See more<\/h3>\n\t\t<a href=\"https:\/\/www.jeanmerlautexport.com\/zh-hans\/wines\/\" class=\"stretched-link\"><\/a>\n\t<\/div>\n\t<\/div>\n<div class=\"wp-block-media-text alignfull is-stacked-on-mobile is-image-fill\"><figure class=\"wp-block-media-text__media\" style=\"background-image:url(https:\/\/www.jeanmerlautexport.com\/wp-content\/uploads\/2020\/10\/photo-barrels-1003x1200.jpg);background-position:50% 50%\"><img loading=\"lazy\" width=\"1003\" height=\"1200\" src=\"https:\/\/www.jeanmerlautexport.com\/wp-content\/uploads\/2020\/10\/photo-barrels-1003x1200.jpg\" alt=\"\" class=\"wp-image-124\" srcset=\"https:\/\/www.jeanmerlautexport.com\/wp-content\/uploads\/2020\/10\/photo-barrels-1003x1200.jpg 1003w, https:\/\/www.jeanmerlautexport.com\/wp-content\/uploads\/2020\/10\/photo-barrels-619x740.jpg 619w, https:\/\/www.jeanmerlautexport.com\/wp-content\/uploads\/2020\/10\/photo-barrels-768x918.jpg 768w, https:\/\/www.jeanmerlautexport.com\/wp-content\/uploads\/2020\/10\/photo-barrels.jpg 1200w\" sizes=\"(max-width: 1003px) 100vw, 1003px\" \/><\/figure><div class=\"wp-block-media-text__content\">\n<p class=\"has-text-align-center uppercase has-primary-color has-text-color\"><p><strong>Our suggestions<\/strong><\/p><\/p>\n\n\n\n<h2 class=\"has-text-align-center\">Grands crus 2017<\/h2>\n\n\n\n\n\n<div class=\"wp-block-buttons aligncenter\">\n<div class=\"wp-block-button\"><a class=\"wp-block-button__link\" href=\"https:\/\/www.jeanmerlautexport.com\/wines\/\">See more<\/a><\/div>\n<\/div>\n<\/div><\/div>\n\n<div class=\"wp-block-media-text alignfull has-media-on-the-right is-stacked-on-mobile is-image-fill\"><figure class=\"wp-block-media-text__media\" style=\"background-image:url(https:\/\/www.jeanmerlautexport.com\/wp-content\/uploads\/2020\/10\/photo-jean-merlaut-768x768.jpg);background-position:50% 50%\"><img loading=\"lazy\" width=\"768\" height=\"768\" src=\"https:\/\/www.jeanmerlautexport.com\/wp-content\/uploads\/2020\/10\/photo-jean-merlaut-768x768.jpg\" alt=\"\" class=\"wp-image-126\" srcset=\"https:\/\/www.jeanmerlautexport.com\/wp-content\/uploads\/2020\/10\/photo-jean-merlaut-768x768.jpg 768w, https:\/\/www.jeanmerlautexport.com\/wp-content\/uploads\/2020\/10\/photo-jean-merlaut-740x740.jpg 740w, https:\/\/www.jeanmerlautexport.com\/wp-content\/uploads\/2020\/10\/photo-jean-merlaut-300x300.jpg 300w, https:\/\/www.jeanmerlautexport.com\/wp-content\/uploads\/2020\/10\/photo-jean-merlaut.jpg 1200w\" sizes=\"(max-width: 768px) 100vw, 768px\" \/><\/figure><div class=\"wp-block-media-text__content\">\n<p class=\"has-text-align-left uppercase has-primary-color has-text-color\"><p><strong>About us<\/strong><\/p><\/p>\n\n\n\n<h2 class=\"has-text-align-left\">Jean Merlaut Story<\/h2>\n\n\n\n<p class=\"has-primary-color has-text-color has-medium-font-size\"><p><em>Ses origines et son exp\u00e9rience en tant que producteur lui a permis de devenir consultant dans le domaine viticulture et gagner la confiance de ses clients en tant que n\u00e9gociant.<\/em><\/p><\/p>\n\n\n\n<p><p><em>La Soci\u00e9t\u00e9 de n\u00e9goce SAS Jean Merlaut \u00e9tait cr\u00e9\u00e9 en 1978 par M. Merlaut, une personnalit\u00e9 tr\u00e8s r\u00e9put\u00e9e dans le milieu du vin, propri\u00e9taire de nombreux crus de Bordeaux parmi lesquels : Ch\u00e2teau Gruaud Larose, Ch\u00e2teau Dudon, Ch\u00e2teau Malagar, Ch\u00e2teau Sainte Catherine, de la source Sainte-Anne des Abatilles, des propri\u00e9t\u00e9s de Cognac et d\u2019Armagnac.<\/em><\/p><\/p>\n\n\n\n<div class=\"wp-block-buttons\">\n<div class=\"wp-block-button\"><a class=\"wp-block-button__link\" href=\"https:\/\/www.jeanmerlautexport.com\/about-us\/\">Discover<\/a><\/div>\n<\/div>\n<\/div><\/div>\n\n<div class=\"wp-block-media-text alignfull is-stacked-on-mobile is-image-fill\"><figure class=\"wp-block-media-text__media\" style=\"background-image:url(https:\/\/www.jeanmerlautexport.com\/wp-content\/uploads\/2020\/10\/photo-paysage-1003x1200.jpg);background-position:50% 100%\"><img loading=\"lazy\" width=\"1003\" height=\"1200\" src=\"https:\/\/www.jeanmerlautexport.com\/wp-content\/uploads\/2020\/10\/photo-paysage-1003x1200.jpg\" alt=\"\" class=\"wp-image-128\" srcset=\"https:\/\/www.jeanmerlautexport.com\/wp-content\/uploads\/2020\/10\/photo-paysage-1003x1200.jpg 1003w, https:\/\/www.jeanmerlautexport.com\/wp-content\/uploads\/2020\/10\/photo-paysage-619x740.jpg 619w, https:\/\/www.jeanmerlautexport.com\/wp-content\/uploads\/2020\/10\/photo-paysage-768x918.jpg 768w, https:\/\/www.jeanmerlautexport.com\/wp-content\/uploads\/2020\/10\/photo-paysage.jpg 1200w\" sizes=\"(max-width: 1003px) 100vw, 1003px\" \/><\/figure><div class=\"wp-block-media-text__content\">\n<p class=\"has-text-align-center uppercase has-primary-color has-text-color\"><p><strong>Interested in our selection or prices ?<\/strong><\/p><\/p>\n\n\n\n<h2 class=\"has-text-align-center\">Contact us<\/h2>\n\n\n<div class=\"frm_forms  with_frm_style frm_style_formidable-style\" id=\"frm_form_1_container\" >\n<form enctype=\"multipart\/form-data\" method=\"post\" class=\"frm-show-form  frm_pro_form \" id=\"form_contact-form\"  >\n<div class=\"frm_form_fields  form-group\">\n<fieldset>\n<legend class=\"frm_screen_reader\">Contact Us<\/legend>\r\n\r\n<div class=\"frm_fields_container\">\n<input type=\"hidden\" name=\"frm_action\" value=\"create\" \/>\n<input type=\"hidden\" name=\"form_id\" value=\"1\" \/>\n<input type=\"hidden\" name=\"frm_hide_fields_1\" id=\"frm_hide_fields_1\" value=\"\" \/>\n<input type=\"hidden\" name=\"form_key\" value=\"contact-form\" \/>\n<input type=\"hidden\" name=\"item_meta[0]\" value=\"\" \/>\n<input type=\"hidden\" id=\"frm_submit_entry_1\" name=\"frm_submit_entry_1\" value=\"1bfd68ecc8\" \/><input type=\"hidden\" name=\"_wp_http_referer\" value=\"\/zh-hans\/wp-json\/wp\/v2\/pages\/120\" \/><div id=\"frm_field_1_container\" class=\"frm_form_field form-field  frm_required_field form-group frm_top_container frm12\">\r\n    <label for=\"field_qh4icy\" id=\"field_qh4icy_label\" class=\"frm_primary_label control-label\">Name\r\n        <span class=\"frm_required\">*<\/span>\r\n    <\/label>\r\n    <input type=\"text\" id=\"field_qh4icy\" name=\"item_meta[1]\" value=\"\"  placeholder=\"Jean Merlaut\" data-reqmsg=\"This field cannot be blank.\" aria-required=\"true\" data-invmsg=\"Name is invalid\" class=\"form-control\" aria-invalid=\"false\"  \/>\r\n    \r\n    \r\n<\/div>\n<div id=\"frm_field_3_container\" class=\"frm_form_field form-field  frm_required_field form-group frm_top_container frm_full\">\r\n    <label for=\"field_29yf4d\" id=\"field_29yf4d_label\" class=\"frm_primary_label control-label\">Email\r\n        <span class=\"frm_required\">*<\/span>\r\n    <\/label>\r\n    <input type=\"email\" id=\"field_29yf4d\" name=\"item_meta[3]\" value=\"\"  placeholder=\"...@...\" data-reqmsg=\"This field cannot be blank.\" aria-required=\"true\" data-invmsg=\"Please enter a valid email address\" class=\"form-control\" aria-invalid=\"false\"  \/>\r\n    \r\n    \r\n<\/div>\n<div id=\"frm_field_5_container\" class=\"frm_form_field form-field  frm_required_field form-group frm_top_container frm_full\">\r\n    <label for=\"field_9jv0r1\" id=\"field_9jv0r1_label\" class=\"frm_primary_label control-label\">Message\r\n        <span class=\"frm_required\">*<\/span>\r\n    <\/label>\r\n    <textarea name=\"item_meta[5]\" id=\"field_9jv0r1\" rows=\"5\"  placeholder=\"Hello,\" data-reqmsg=\"This field cannot be blank.\" aria-required=\"true\" data-invmsg=\"Message \u65e0\u6548\" class=\"form-control\" aria-invalid=\"false\"  ><\/textarea>\r\n    \r\n    \r\n<\/div>\n<div id=\"frm_field_7_container\" class=\"frm_form_field form-field  form-group frm_none_container\">\n    <label for=\"g-recaptcha-response\" id=\"field_tohtx_label\" class=\"frm_primary_label control-label\">reCAPTCHA\n        <span class=\"frm_required\" aria-hidden=\"true\"><\/span>\n    <\/label>\n    <div id=\"field_tohtx\" class=\"frm-g-recaptcha\" data-sitekey=\"6LdS1gccAAAAABdYC2VSqMC9q6G94wk086_SpD5T\" data-size=\"normal\" data-theme=\"light\"><\/div>\n    \n    \n<\/div>\n\t<input type=\"hidden\" name=\"item_key\" value=\"\" \/>\n\t<input name=\"frm_state\" type=\"hidden\" value=\"sYePaoiR6eCb1QxI5DrR9BprNa0lT+TH5nzsy6THpUE=\" \/><div class=\"form-group frm_submit\">\r\n\r\n<button class=\"frm_button_submit btn btn-default frm_final_submit\" type=\"submit\"   formnovalidate=\"formnovalidate\">Submit<\/button>\r\n\r\n<\/div><\/div>\n<\/fieldset>\n<\/div>\n<\/form>\n<\/div>\n<\/div><\/div>\n","protected":false},"excerpt":{"rendered":"","protected":false},"author":1,"featured_media":0,"parent":0,"menu_order":0,"comment_status":"closed","ping_status":"closed","template":"","meta":[],"yoast_head":"<!-- This site is optimized with the Yoast SEO plugin v19.4 - https:\/\/yoast.com\/wordpress\/plugins\/seo\/ -->\n<title>Jean Merlaut Export - Bordeaux Wines<\/title>\n<meta name=\"robots\" content=\"index, follow, max-snippet:-1, max-image-preview:large, max-video-preview:-1\" \/>\n<link rel=\"canonical\" href=\"https:\/\/www.jeanmerlautexport.com\/zh-hans\/\" \/>\n<meta property=\"og:locale\" content=\"zh_CN\" \/>\n<meta property=\"og:type\" content=\"article\" \/>\n<meta property=\"og:title\" content=\"Jean Merlaut Export - Bordeaux Wines\" \/>\n<meta property=\"og:url\" content=\"https:\/\/www.jeanmerlautexport.com\/zh-hans\/\" \/>\n<meta property=\"og:site_name\" content=\"Jean Merlaut Export\" \/>\n<meta property=\"article:modified_time\" content=\"2020-11-03T15:57:38+00:00\" \/>\n<meta property=\"og:image\" content=\"https:\/\/www.jeanmerlautexport.com\/wp-content\/uploads\/2020\/10\/logo-jeanmerlautexport.png\" \/>\n<meta name=\"twitter:card\" content=\"summary_large_image\" \/>\n<meta name=\"twitter:label1\" content=\"\u9884\u8ba1\u9605\u8bfb\u65f6\u95f4\" \/>\n\t<meta name=\"twitter:data1\" content=\"1\u5206\" \/>\n<script type=\"application\/ld+json\" class=\"yoast-schema-graph\">{\"@context\":\"https:\/\/schema.org\",\"@graph\":[{\"@type\":\"Organization\",\"@id\":\"https:\/\/www.jeanmerlautexport.com\/#organization\",\"name\":\"Jean Merlaut Export\",\"url\":\"https:\/\/www.jeanmerlautexport.com\/\",\"sameAs\":[],\"logo\":{\"@type\":\"ImageObject\",\"inLanguage\":\"zh-CN\",\"@id\":\"https:\/\/www.jeanmerlautexport.com\/#\/schema\/logo\/image\/\",\"url\":\"https:\/\/www.jeanmerlautexport.com\/wp-content\/uploads\/2020\/10\/logo-jeanmerlautexport.png\",\"contentUrl\":\"https:\/\/www.jeanmerlautexport.com\/wp-content\/uploads\/2020\/10\/logo-jeanmerlautexport.png\",\"width\":1015,\"height\":261,\"caption\":\"Jean Merlaut Export\"},\"image\":{\"@id\":\"https:\/\/www.jeanmerlautexport.com\/#\/schema\/logo\/image\/\"}},{\"@type\":\"WebSite\",\"@id\":\"https:\/\/www.jeanmerlautexport.com\/#website\",\"url\":\"https:\/\/www.jeanmerlautexport.com\/\",\"name\":\"Jean Merlaut Export\",\"description\":\"Bordeaux Wines\",\"publisher\":{\"@id\":\"https:\/\/www.jeanmerlautexport.com\/#organization\"},\"potentialAction\":[{\"@type\":\"SearchAction\",\"target\":{\"@type\":\"EntryPoint\",\"urlTemplate\":\"https:\/\/www.jeanmerlautexport.com\/?s={search_term_string}\"},\"query-input\":\"required name=search_term_string\"}],\"inLanguage\":\"zh-CN\"},{\"@type\":\"WebPage\",\"@id\":\"https:\/\/www.jeanmerlautexport.com\/zh-hans\/\",\"url\":\"https:\/\/www.jeanmerlautexport.com\/zh-hans\/\",\"name\":\"Jean Merlaut Export - Bordeaux Wines\",\"isPartOf\":{\"@id\":\"https:\/\/www.jeanmerlautexport.com\/#website\"},\"datePublished\":\"2020-11-03T15:57:37+00:00\",\"dateModified\":\"2020-11-03T15:57:38+00:00\",\"breadcrumb\":{\"@id\":\"https:\/\/www.jeanmerlautexport.com\/zh-hans\/#breadcrumb\"},\"inLanguage\":\"zh-CN\",\"potentialAction\":[{\"@type\":\"ReadAction\",\"target\":[\"https:\/\/www.jeanmerlautexport.com\/zh-hans\/\"]}]},{\"@type\":\"BreadcrumbList\",\"@id\":\"https:\/\/www.jeanmerlautexport.com\/zh-hans\/#breadcrumb\",\"itemListElement\":[{\"@type\":\"ListItem\",\"position\":1,\"name\":\"Home\",\"item\":\"https:\/\/www.jeanmerlautexport.com\/zh-hans\/\"},{\"@type\":\"ListItem\",\"position\":2,\"name\":\"Home\"}]}]}<\/script>\n<!-- \/ Yoast SEO plugin. -->","yoast_head_json":{"title":"Jean Merlaut Export - Bordeaux Wines","robots":{"index":"index","follow":"follow","max-snippet":"max-snippet:-1","max-image-preview":"max-image-preview:large","max-video-preview":"max-video-preview:-1"},"canonical":"https:\/\/www.jeanmerlautexport.com\/zh-hans\/","og_locale":"zh_CN","og_type":"article","og_title":"Jean Merlaut Export - Bordeaux Wines","og_url":"https:\/\/www.jeanmerlautexport.com\/zh-hans\/","og_site_name":"Jean Merlaut Export","article_modified_time":"2020-11-03T15:57:38+00:00","og_image":[{"url":"https:\/\/www.jeanmerlautexport.com\/wp-content\/uploads\/2020\/10\/logo-jeanmerlautexport.png"}],"twitter_card":"summary_large_image","twitter_misc":{"\u9884\u8ba1\u9605\u8bfb\u65f6\u95f4":"1\u5206"},"schema":{"@context":"https:\/\/schema.org","@graph":[{"@type":"Organization","@id":"https:\/\/www.jeanmerlautexport.com\/#organization","name":"Jean Merlaut Export","url":"https:\/\/www.jeanmerlautexport.com\/","sameAs":[],"logo":{"@type":"ImageObject","inLanguage":"zh-CN","@id":"https:\/\/www.jeanmerlautexport.com\/#\/schema\/logo\/image\/","url":"https:\/\/www.jeanmerlautexport.com\/wp-content\/uploads\/2020\/10\/logo-jeanmerlautexport.png","contentUrl":"https:\/\/www.jeanmerlautexport.com\/wp-content\/uploads\/2020\/10\/logo-jeanmerlautexport.png","width":1015,"height":261,"caption":"Jean Merlaut Export"},"image":{"@id":"https:\/\/www.jeanmerlautexport.com\/#\/schema\/logo\/image\/"}},{"@type":"WebSite","@id":"https:\/\/www.jeanmerlautexport.com\/#website","url":"https:\/\/www.jeanmerlautexport.com\/","name":"Jean Merlaut Export","description":"Bordeaux Wines","publisher":{"@id":"https:\/\/www.jeanmerlautexport.com\/#organization"},"potentialAction":[{"@type":"SearchAction","target":{"@type":"EntryPoint","urlTemplate":"https:\/\/www.jeanmerlautexport.com\/?s={search_term_string}"},"query-input":"required name=search_term_string"}],"inLanguage":"zh-CN"},{"@type":"WebPage","@id":"https:\/\/www.jeanmerlautexport.com\/zh-hans\/","url":"https:\/\/www.jeanmerlautexport.com\/zh-hans\/","name":"Jean Merlaut Export - Bordeaux Wines","isPartOf":{"@id":"https:\/\/www.jeanmerlautexport.com\/#website"},"datePublished":"2020-11-03T15:57:37+00:00","dateModified":"2020-11-03T15:57:38+00:00","breadcrumb":{"@id":"https:\/\/www.jeanmerlautexport.com\/zh-hans\/#breadcrumb"},"inLanguage":"zh-CN","potentialAction":[{"@type":"ReadAction","target":["https:\/\/www.jeanmerlautexport.com\/zh-hans\/"]}]},{"@type":"BreadcrumbList","@id":"https:\/\/www.jeanmerlautexport.com\/zh-hans\/#breadcrumb","itemListElement":[{"@type":"ListItem","position":1,"name":"Home","item":"https:\/\/www.jeanmerlautexport.com\/zh-hans\/"},{"@type":"ListItem","position":2,"name":"Home"}]}]}},"uagb_featured_image_src":{"full":false,"thumbnail":false,"medium":false,"medium_large":false,"large":false,"1536x1536":false,"2048x2048":false,"full_width":false},"uagb_author_info":{"display_name":"bougetonweb","author_link":"https:\/\/www.jeanmerlautexport.com\/zh-hans\/author\/bougetonweb\/"},"uagb_comment_info":0,"uagb_excerpt":null,"_links":{"self":[{"href":"https:\/\/www.jeanmerlautexport.com\/zh-hans\/wp-json\/wp\/v2\/pages\/120"}],"collection":[{"href":"https:\/\/www.jeanmerlautexport.com\/zh-hans\/wp-json\/wp\/v2\/pages"}],"about":[{"href":"https:\/\/www.jeanmerlautexport.com\/zh-hans\/wp-json\/wp\/v2\/types\/page"}],"author":[{"embeddable":true,"href":"https:\/\/www.jeanmerlautexport.com\/zh-hans\/wp-json\/wp\/v2\/users\/1"}],"replies":[{"embeddable":true,"href":"https:\/\/www.jeanmerlautexport.com\/zh-hans\/wp-json\/wp\/v2\/comments?post=120"}],"version-history":[{"count":1,"href":"https:\/\/www.jeanmerlautexport.com\/zh-hans\/wp-json\/wp\/v2\/pages\/120\/revisions"}],"predecessor-version":[{"id":121,"href":"https:\/\/www.jeanmerlautexport.com\/zh-hans\/wp-json\/wp\/v2\/pages\/120\/revisions\/121"}],"wp:attachment":[{"href":"https:\/\/www.jeanmerlautexport.com\/zh-hans\/wp-json\/wp\/v2\/media?parent=120"}],"curies":[{"name":"wp","href":"https:\/\/api.w.org\/{rel}","templated":true}]}}